{"id":330,"date":"2025-03-17T12:39:49","date_gmt":"2025-03-17T11:39:49","guid":{"rendered":"https:\/\/vdd-niederrhein.de\/?page_id=330"},"modified":"2025-11-23T14:52:56","modified_gmt":"2025-11-23T13:52:56","slug":"unsere-passion-deutsch-drahthaar","status":"publish","type":"page","link":"https:\/\/vdd-niederrhein.de\/?page_id=330","title":{"rendered":"Unsere Passion Deutsch-Drahthaar"},"content":{"rendered":"<p>[et_pb_section fb_built=&#8220;1&#8243; _builder_version=&#8220;4.27.4&#8243; _module_preset=&#8220;default&#8220; background_image=&#8220;https:\/\/vdd-niederrhein.de\/wp-content\/uploads\/2025\/03\/IMGP2599.png&#8220; min_height=&#8220;400px&#8220; custom_margin=&#8220;||0px|||&#8220; custom_padding=&#8220;59px||26px|||&#8220; global_colors_info=&#8220;{}&#8220;][et_pb_row column_structure=&#8220;1_2,1_4,1_4&#8243; use_custom_gutter=&#8220;on&#8220; gutter_width=&#8220;1&#8243; make_equal=&#8220;on&#8220; padding_top_bottom_link_1=&#8220;true&#8220; padding_top_bottom_link_2=&#8220;true&#8220; padding_left_right_link_1=&#8220;true&#8220; padding_left_right_link_2=&#8220;true&#8220; module_class=&#8220; et_pb_row_fullwidth&#8220; _builder_version=&#8220;4.27.4&#8243; width=&#8220;100%&#8220; width_tablet=&#8220;100%&#8220; width_phone=&#8220;100%&#8220; width_last_edited=&#8220;on|desktop&#8220; max_width=&#8220;100%&#8220; max_width_tablet=&#8220;100%&#8220; max_width_phone=&#8220;100%&#8220; max_width_last_edited=&#8220;on|desktop&#8220; custom_margin=&#8220;|||&#8220; custom_padding=&#8220;24px||24px||true|&#8220; make_fullwidth=&#8220;on&#8220; global_colors_info=&#8220;{}&#8220;][et_pb_column type=&#8220;1_2&#8243; _builder_version=&#8220;4.16&#8243; background_color=&#8220;#1d2600&#8243; custom_padding=&#8220;45px|30px|45px|30px&#8220; custom_padding_tablet=&#8220;|||2vw&#8220; custom_padding_phone=&#8220;|2vw||2vw&#8220; custom_padding_last_edited=&#8220;off|desktop&#8220; global_colors_info=&#8220;{}&#8220; padding_phone=&#8220;|2vw||2vw&#8220; padding_tablet=&#8220;|||2vw&#8220; padding_last_edited=&#8220;off|desktop&#8220; custom_padding__hover=&#8220;|||&#8220;][et_pb_cta title=&#8220;Unsere Passion: Deutsch-Drahthaar&#8220; button_url=&#8220;#&#8220; button_text=&#8220;weiterlesen&#8220; _builder_version=&#8220;4.27.4&#8243; header_level=&#8220;h4&#8243; header_font=&#8220;Cormorant Garamond|600|||||||&#8220; header_font_size=&#8220;35px&#8220; header_line_height=&#8220;1.4em&#8220; body_font=&#8220;||||||||&#8220; body_font_size=&#8220;16px&#8220; body_line_height=&#8220;2em&#8220; use_background_color=&#8220;off&#8220; custom_button=&#8220;on&#8220; button_text_size=&#8220;16px&#8220; button_bg_color=&#8220;rgba(255,255,255,0)&#8220; button_border_width=&#8220;0px&#8220; button_border_radius=&#8220;0px&#8220; button_letter_spacing=&#8220;2px&#8220; button_font=&#8220;|700||on|||||&#8220; button_icon=&#8220;&#x24;||divi||400&#8243; button_on_hover=&#8220;off&#8220; text_orientation=&#8220;left&#8220; max_width=&#8220;700px&#8220; module_alignment=&#8220;center&#8220; locked=&#8220;off&#8220; global_colors_info=&#8220;{}&#8220; button_text_size__hover_enabled=&#8220;off&#8220; button_one_text_size__hover_enabled=&#8220;off&#8220; button_two_text_size__hover_enabled=&#8220;off&#8220; button_text_color__hover_enabled=&#8220;off&#8220; button_one_text_color__hover_enabled=&#8220;off&#8220; button_two_text_color__hover_enabled=&#8220;off&#8220; button_border_width__hover_enabled=&#8220;off&#8220; button_one_border_width__hover_enabled=&#8220;off&#8220; button_two_border_width__hover_enabled=&#8220;off&#8220; button_border_color__hover_enabled=&#8220;off&#8220; button_one_border_color__hover_enabled=&#8220;off&#8220; button_two_border_color__hover_enabled=&#8220;off&#8220; button_border_radius__hover_enabled=&#8220;off&#8220; button_one_border_radius__hover_enabled=&#8220;off&#8220; button_two_border_radius__hover_enabled=&#8220;off&#8220; button_letter_spacing__hover_enabled=&#8220;off&#8220; button_one_letter_spacing__hover_enabled=&#8220;off&#8220; button_two_letter_spacing__hover_enabled=&#8220;off&#8220; button_bg_color__hover_enabled=&#8220;off&#8220; button_one_bg_color__hover_enabled=&#8220;off&#8220; button_two_bg_color__hover_enabled=&#8220;off&#8220;]<\/p>\n<p>Robust, intelligent und leistungsstark \u2013 der Deutsch-Drahthaar ist der ideale Begleiter f\u00fcr passionierte J\u00e4ger und Hundef\u00fchrer. Hier mehr entdecken!<\/p>\n<p>[\/et_pb_cta][\/et_pb_column][et_pb_column type=&#8220;1_4&#8243; _builder_version=&#8220;4.16&#8243; background_color=&#8220;#f9a520&#8243; custom_padding=&#8220;45px|30px|45px|30px&#8220; global_colors_info=&#8220;{}&#8220; custom_padding__hover=&#8220;|||&#8220;][et_pb_cta title=&#8220;AKTUELLES&#8220; button_url=&#8220;#&#8220; button_text=&#8220;weiterlesen&#8220; _builder_version=&#8220;4.27.4&#8243; header_level=&#8220;h4&#8243; header_font=&#8220;Cormorant Garamond|600|||||||&#8220; header_font_size=&#8220;35px&#8220; header_line_height=&#8220;1.4em&#8220; body_font=&#8220;||||||||&#8220; body_font_size=&#8220;16px&#8220; body_line_height=&#8220;2em&#8220; use_background_color=&#8220;off&#8220; custom_button=&#8220;on&#8220; button_text_size=&#8220;16px&#8220; button_bg_color=&#8220;rgba(255,255,255,0)&#8220; button_border_width=&#8220;0px&#8220; button_border_radius=&#8220;0px&#8220; button_letter_spacing=&#8220;2px&#8220; button_font=&#8220;|700||on|||||&#8220; button_icon=&#8220;&#x24;||divi||400&#8243; button_on_hover=&#8220;off&#8220; text_orientation=&#8220;left&#8220; max_width=&#8220;700px&#8220; module_alignment=&#8220;center&#8220; locked=&#8220;off&#8220; global_colors_info=&#8220;{}&#8220; button_text_size__hover_enabled=&#8220;off&#8220; button_one_text_size__hover_enabled=&#8220;off&#8220; button_two_text_size__hover_enabled=&#8220;off&#8220; button_text_color__hover_enabled=&#8220;off&#8220; button_one_text_color__hover_enabled=&#8220;off&#8220; button_two_text_color__hover_enabled=&#8220;off&#8220; button_border_width__hover_enabled=&#8220;off&#8220; button_one_border_width__hover_enabled=&#8220;off&#8220; button_two_border_width__hover_enabled=&#8220;off&#8220; button_border_color__hover_enabled=&#8220;off&#8220; button_one_border_color__hover_enabled=&#8220;off&#8220; button_two_border_color__hover_enabled=&#8220;off&#8220; button_border_radius__hover_enabled=&#8220;off&#8220; button_one_border_radius__hover_enabled=&#8220;off&#8220; button_two_border_radius__hover_enabled=&#8220;off&#8220; button_letter_spacing__hover_enabled=&#8220;off&#8220; button_one_letter_spacing__hover_enabled=&#8220;off&#8220; button_two_letter_spacing__hover_enabled=&#8220;off&#8220; button_bg_color__hover_enabled=&#8220;off&#8220; button_one_bg_color__hover_enabled=&#8220;off&#8220; button_two_bg_color__hover_enabled=&#8220;off&#8220;]<\/p>\n<h4><\/h4>\n<h4><\/h4>\n<h4><\/h4>\n<h4>Bleib auf dem neuesten Stand \u2013 aktuelle Infos hier!&#8220;<\/h4>\n<p>[\/et_pb_cta][\/et_pb_column][et_pb_column type=&#8220;1_4&#8243; _builder_version=&#8220;4.27.4&#8243; background_image=&#8220;https:\/\/vdd-niederrhein.de\/wp-content\/uploads\/2025\/03\/1_DSC03389.jpg&#8220; custom_padding=&#8220;|||&#8220; global_colors_info=&#8220;{}&#8220; custom_padding__hover=&#8220;|||&#8220;][et_pb_divider show_divider=&#8220;off&#8220; _builder_version=&#8220;4.16&#8243; height=&#8220;100px&#8220; custom_margin=&#8220;100px||100px||true&#8220; global_colors_info=&#8220;{}&#8220;][\/et_pb_divider][\/et_pb_column][\/et_pb_row][\/et_pb_section][et_pb_section fb_built=&#8220;1&#8243; _builder_version=&#8220;4.27.4&#8243; _module_preset=&#8220;default&#8220; custom_padding=&#8220;||30px|||&#8220; global_colors_info=&#8220;{}&#8220;][et_pb_row _builder_version=&#8220;4.27.4&#8243; _module_preset=&#8220;default&#8220; custom_padding=&#8220;||9px|||&#8220; global_colors_info=&#8220;{}&#8220;][et_pb_column type=&#8220;4_4&#8243; _builder_version=&#8220;4.27.4&#8243; _module_preset=&#8220;default&#8220; global_colors_info=&#8220;{}&#8220;][et_pb_text _builder_version=&#8220;4.27.4&#8243; _module_preset=&#8220;default&#8220; header_font_size=&#8220;26px&#8220; global_colors_info=&#8220;{}&#8220;]<\/p>\n<h1>Unsere Passion: Deutsch-Drahthaar<\/h1>\n<p>[\/et_pb_text][\/et_pb_column][\/et_pb_row][et_pb_row column_structure=&#8220;1_2,1_2&#8243; _builder_version=&#8220;4.27.4&#8243; _module_preset=&#8220;default&#8220; global_colors_info=&#8220;{}&#8220;][et_pb_column type=&#8220;1_2&#8243; _builder_version=&#8220;4.27.4&#8243; _module_preset=&#8220;default&#8220; global_colors_info=&#8220;{}&#8220;][et_pb_text _builder_version=&#8220;4.27.4&#8243; _module_preset=&#8220;default&#8220; global_colors_info=&#8220;{}&#8220;]<\/p>\n<h5 data-start=\"102\" data-end=\"141\"><strong data-start=\"106\" data-end=\"139\">Der vielseitige Jagdbegleiter<\/strong><\/h5>\n<p data-start=\"142\" data-end=\"414\">Robust, intelligent und leistungsstark \u2013 der Deutsch-Drahthaar ist mehr als nur ein Jagdhund. Er ist ein verl\u00e4sslicher Partner f\u00fcr passionierte J\u00e4ger und Hundef\u00fchrer, ein vielseitiger Gebrauchshund, der seine Aufgaben mit beeindruckender Pr\u00e4zision und Ausdauer meistert.<\/p>\n<h5 data-start=\"416\" data-end=\"448\"><strong data-start=\"420\" data-end=\"446\">Herkunft und Zuchtziel<\/strong><\/h5>\n<p data-start=\"449\" data-end=\"900\">Die Rasse Deutsch-Drahthaar entstand im sp\u00e4ten 19. Jahrhundert mit dem Ziel, einen leistungsf\u00e4higen, vielseitigen Jagdhund zu z\u00fcchten. Durch die gezielte Kreuzung von Griffon, Pudelpointer, Stichelhaar und Deutsch-Kurzhaar wurde ein Hund geschaffen, der sowohl im Feld als auch im Wasser \u00fcberzeugt. Sein drahtiges Fell sch\u00fctzt ihn vor rauem Wetter und dornigem Gestr\u00fcpp, w\u00e4hrend sein ausgeglichener Charakter ihn zu einem angenehmen Begleiter macht.<\/p>\n<h5 data-start=\"902\" data-end=\"944\"><strong data-start=\"906\" data-end=\"942\">Vielseitigkeit in der Jagdpraxis<\/strong><\/h5>\n<p data-start=\"945\" data-end=\"1089\">Was den Deutsch-Drahthaar besonders auszeichnet, ist seine Vielseitigkeit. Er ist sowohl f\u00fcr die Arbeit vor als auch nach dem Schuss geeignet:<\/p>\n<ul data-start=\"1091\" data-end=\"1517\">\n<li data-start=\"1091\" data-end=\"1206\"><strong data-start=\"1093\" data-end=\"1122\">Spurarbeit und Nachsuche:<\/strong> Dank seines ausgepr\u00e4gten Geruchssinns folgt er sicher der Spur verletzten Wildes.<\/li>\n<li data-start=\"1207\" data-end=\"1308\"><strong data-start=\"1209\" data-end=\"1225\">Apportieren:<\/strong> Ob auf dem Feld, im Wald oder im Wasser \u2013 er bringt das Wild zuverl\u00e4ssig zur\u00fcck.<\/li>\n<li data-start=\"1309\" data-end=\"1389\"><strong data-start=\"1311\" data-end=\"1328\">Wasserarbeit:<\/strong> Seine hohe Wasserfreude macht ihn ideal f\u00fcr die Entenjagd.<\/li>\n<li data-start=\"1390\" data-end=\"1517\"><strong data-start=\"1392\" data-end=\"1406\">Vorstehen:<\/strong> Er markiert das Wild durch ruhiges, konzentriertes Vorstehen und erleichtert dem J\u00e4ger den perfekten Schuss.<\/li>\n<\/ul>\n<p>[\/et_pb_text][\/et_pb_column][et_pb_column type=&#8220;1_2&#8243; _builder_version=&#8220;4.27.4&#8243; _module_preset=&#8220;default&#8220; global_colors_info=&#8220;{}&#8220;][et_pb_text _builder_version=&#8220;4.27.4&#8243; _module_preset=&#8220;default&#8220; global_colors_info=&#8220;{}&#8220;]<\/p>\n<h5 data-start=\"1519\" data-end=\"1548\"><strong data-start=\"1523\" data-end=\"1546\">Charakter und Wesen<\/strong><\/h5>\n<p data-start=\"1549\" data-end=\"1903\">Der Deutsch-Drahthaar ist nicht nur leistungsstark, sondern auch intelligent und f\u00fchrig. Seine enge Bindung an den Hundef\u00fchrer macht ihn zu einem loyalen Gef\u00e4hrten, der sowohl bei der Jagd als auch im Alltag Freude bereitet. Seine Lernf\u00e4higkeit und sein Wille zur Zusammenarbeit erm\u00f6glichen eine gezielte Ausbildung, die bereits im Welpenalter beginnt.<\/p>\n<h5 data-start=\"1905\" data-end=\"1950\"><strong data-start=\"1909\" data-end=\"1948\">Die richtige F\u00fchrung und Ausbildung<\/strong><\/h5>\n<p data-start=\"1951\" data-end=\"2273\">Ein Deutsch-Drahthaar ben\u00f6tigt eine konsequente, aber faire F\u00fchrung. Er ist kein Hund f\u00fcr unerfahrene Halter, sondern fordert eine fachkundige Ausbildung und ausreichend Besch\u00e4ftigung. In der richtigen Hand entwickelt er sich zu einem unverzichtbaren Jagdbegleiter, der durch seine Ausdauer, H\u00e4rte und Passion \u00fcberzeugt.<\/p>\n<h5 data-start=\"2275\" data-end=\"2323\"><strong data-start=\"2279\" data-end=\"2321\">Fazit: Ein Hund f\u00fcr passionierte J\u00e4ger<\/strong><\/h5>\n<p data-start=\"2324\" data-end=\"2583\">Der Deutsch-Drahthaar vereint die besten Eigenschaften eines Jagdhundes: Vielseitigkeit, Robustheit und Intelligenz. Wer sich f\u00fcr diese Rasse entscheidet, erh\u00e4lt einen treuen, zuverl\u00e4ssigen Partner, der sowohl jagdlich als auch im t\u00e4glichen Leben \u00fcberzeugt.<\/p>\n<p data-start=\"2585\" data-end=\"2713\">M\u00f6chtest du mehr \u00fcber die Ausbildung und Haltung des Deutsch-Drahthaar erfahren? Dann entdecke hier weitere spannende Inhalte!<\/p>\n<p>[\/et_pb_text][\/et_pb_column][\/et_pb_row][\/et_pb_section]<\/p>\n","protected":false},"excerpt":{"rendered":"<p>Robust, intelligent und leistungsstark \u2013 der Deutsch-Drahthaar ist der ideale Begleiter f\u00fcr passionierte J\u00e4ger und Hundef\u00fchrer. Hier mehr entdecken! Bleib auf dem neuesten Stand \u2013 aktuelle Infos hier!&#8220;Unsere Passion: Deutsch-DrahthaarDer vielseitige Jagdbegleiter Robust, intelligent und leistungsstark \u2013 der Deutsch-Drahthaar ist mehr als nur ein Jagdhund. Er ist ein verl\u00e4sslicher Partner f\u00fcr passionierte J\u00e4ger und Hundef\u00fchrer, [&hellip;]<\/p>\n","protected":false},"author":1,"featured_media":0,"parent":0,"menu_order":0,"comment_status":"closed","ping_status":"closed","template":"","meta":{"_et_pb_use_builder":"on","_et_pb_old_content":"","_et_gb_content_width":"","footnotes":""},"class_list":["post-330","page","type-page","status-publish","hentry"],"_links":{"self":[{"href":"https:\/\/vdd-niederrhein.de\/index.php?rest_route=\/wp\/v2\/pages\/330","targetHints":{"allow":["GET"]}}],"collection":[{"href":"https:\/\/vdd-niederrhein.de\/index.php?rest_route=\/wp\/v2\/pages"}],"about":[{"href":"https:\/\/vdd-niederrhein.de\/index.php?rest_route=\/wp\/v2\/types\/page"}],"author":[{"embeddable":true,"href":"https:\/\/vdd-niederrhein.de\/index.php?rest_route=\/wp\/v2\/users\/1"}],"replies":[{"embeddable":true,"href":"https:\/\/vdd-niederrhein.de\/index.php?rest_route=%2Fwp%2Fv2%2Fcomments&post=330"}],"version-history":[{"count":3,"href":"https:\/\/vdd-niederrhein.de\/index.php?rest_route=\/wp\/v2\/pages\/330\/revisions"}],"predecessor-version":[{"id":903,"href":"https:\/\/vdd-niederrhein.de\/index.php?rest_route=\/wp\/v2\/pages\/330\/revisions\/903"}],"wp:attachment":[{"href":"https:\/\/vdd-niederrhein.de\/index.php?rest_route=%2Fwp%2Fv2%2Fmedia&parent=330"}],"curies":[{"name":"wp","href":"https:\/\/api.w.org\/{rel}","templated":true}]}}