{"id":336,"date":"2025-03-17T12:44:44","date_gmt":"2025-03-17T11:44:44","guid":{"rendered":"https:\/\/vdd-niederrhein.de\/?page_id=336"},"modified":"2026-01-06T06:04:35","modified_gmt":"2026-01-06T05:04:35","slug":"aktuelles","status":"publish","type":"page","link":"https:\/\/vdd-niederrhein.de\/?page_id=336","title":{"rendered":"Aktuelles"},"content":{"rendered":"<p>[et_pb_section fb_built=&#8220;1&#8243; _builder_version=&#8220;4.27.4&#8243; _module_preset=&#8220;default&#8220; background_image=&#8220;https:\/\/vdd-niederrhein.de\/wp-content\/uploads\/2025\/03\/IMGP2599.png&#8220; min_height=&#8220;400px&#8220; custom_margin=&#8220;||0px|||&#8220; custom_padding=&#8220;59px||26px|||&#8220; global_module=&#8220;470&#8243; saved_tabs=&#8220;all&#8220; global_colors_info=&#8220;{}&#8220;][et_pb_row column_structure=&#8220;1_2,1_4,1_4&#8243; use_custom_gutter=&#8220;on&#8220; gutter_width=&#8220;1&#8243; make_equal=&#8220;on&#8220; padding_top_bottom_link_1=&#8220;true&#8220; padding_top_bottom_link_2=&#8220;true&#8220; padding_left_right_link_1=&#8220;true&#8220; padding_left_right_link_2=&#8220;true&#8220; module_class=&#8220; et_pb_row_fullwidth&#8220; _builder_version=&#8220;4.27.4&#8243; width=&#8220;100%&#8220; width_tablet=&#8220;100%&#8220; width_phone=&#8220;100%&#8220; width_last_edited=&#8220;on|desktop&#8220; max_width=&#8220;100%&#8220; max_width_tablet=&#8220;100%&#8220; max_width_phone=&#8220;100%&#8220; max_width_last_edited=&#8220;on|desktop&#8220; custom_margin=&#8220;|||&#8220; custom_padding=&#8220;24px||24px||true|&#8220; make_fullwidth=&#8220;on&#8220; global_colors_info=&#8220;{}&#8220;][et_pb_column type=&#8220;1_2&#8243; _builder_version=&#8220;4.16&#8243; background_color=&#8220;#1d2600&#8243; custom_padding=&#8220;45px|30px|45px|30px&#8220; custom_padding_tablet=&#8220;|||2vw&#8220; custom_padding_phone=&#8220;|2vw||2vw&#8220; custom_padding_last_edited=&#8220;off|desktop&#8220; global_colors_info=&#8220;{}&#8220; padding_phone=&#8220;|2vw||2vw&#8220; padding_tablet=&#8220;|||2vw&#8220; padding_last_edited=&#8220;off|desktop&#8220; custom_padding__hover=&#8220;|||&#8220;][et_pb_cta title=&#8220;Unsere Passion: Deutsch-Drahthaar&#8220; button_url=&#8220;https:\/\/vdd-niederrhein.de\/?page_id=330&#8243; url_new_window=&#8220;on&#8220; button_text=&#8220;weiterlesen&#8220; _builder_version=&#8220;4.27.4&#8243; header_level=&#8220;h4&#8243; header_font=&#8220;Cormorant Garamond|600|||||||&#8220; header_font_size=&#8220;35px&#8220; header_line_height=&#8220;1.4em&#8220; body_font=&#8220;||||||||&#8220; body_font_size=&#8220;16px&#8220; body_line_height=&#8220;2em&#8220; use_background_color=&#8220;off&#8220; custom_button=&#8220;on&#8220; button_text_size=&#8220;16px&#8220; button_bg_color=&#8220;rgba(255,255,255,0)&#8220; button_border_width=&#8220;0px&#8220; button_border_radius=&#8220;0px&#8220; button_letter_spacing=&#8220;2px&#8220; button_font=&#8220;|700||on|||||&#8220; button_icon=&#8220;&#x24;||divi||400&#8243; button_on_hover=&#8220;off&#8220; text_orientation=&#8220;left&#8220; max_width=&#8220;700px&#8220; module_alignment=&#8220;center&#8220; link_option_url=&#8220;#&#8220; hover_enabled=&#8220;0&#8243; locked=&#8220;off&#8220; global_colors_info=&#8220;{}&#8220; button_text_size__hover_enabled=&#8220;off&#8220; button_one_text_size__hover_enabled=&#8220;off&#8220; button_two_text_size__hover_enabled=&#8220;off&#8220; button_text_color__hover_enabled=&#8220;off&#8220; button_one_text_color__hover_enabled=&#8220;off&#8220; button_two_text_color__hover_enabled=&#8220;off&#8220; button_border_width__hover_enabled=&#8220;off&#8220; button_one_border_width__hover_enabled=&#8220;off&#8220; button_two_border_width__hover_enabled=&#8220;off&#8220; button_border_color__hover_enabled=&#8220;off&#8220; button_one_border_color__hover_enabled=&#8220;off&#8220; button_two_border_color__hover_enabled=&#8220;off&#8220; button_border_radius__hover_enabled=&#8220;off&#8220; button_one_border_radius__hover_enabled=&#8220;off&#8220; button_two_border_radius__hover_enabled=&#8220;off&#8220; button_letter_spacing__hover_enabled=&#8220;off&#8220; button_one_letter_spacing__hover_enabled=&#8220;off&#8220; button_two_letter_spacing__hover_enabled=&#8220;off&#8220; button_bg_color__hover_enabled=&#8220;off&#8220; button_one_bg_color__hover_enabled=&#8220;off&#8220; button_two_bg_color__hover_enabled=&#8220;off&#8220; sticky_enabled=&#8220;0&#8243;]<\/p>\n<p>Robust, intelligent und leistungsstark \u2013 der Deutsch-Drahthaar ist der ideale Begleiter f\u00fcr passionierte J\u00e4ger und Hundef\u00fchrer. Hier mehr entdecken!<\/p>\n<p>[\/et_pb_cta][\/et_pb_column][et_pb_column type=&#8220;1_4&#8243; _builder_version=&#8220;4.16&#8243; background_color=&#8220;#f9a520&#8243; custom_padding=&#8220;45px|30px|45px|30px&#8220; global_colors_info=&#8220;{}&#8220; custom_padding__hover=&#8220;|||&#8220;][et_pb_cta title=&#8220;AKTUELLES&#8220; button_url=&#8220;https:\/\/vdd-niederrhein.de\/?page_id=336&#8243; url_new_window=&#8220;on&#8220; button_text=&#8220;weiterlesen&#8220; _builder_version=&#8220;4.27.4&#8243; header_level=&#8220;h4&#8243; header_font=&#8220;Cormorant Garamond|600|||||||&#8220; header_font_size=&#8220;35px&#8220; header_line_height=&#8220;1.4em&#8220; body_font=&#8220;||||||||&#8220; body_font_size=&#8220;16px&#8220; body_line_height=&#8220;2em&#8220; use_background_color=&#8220;off&#8220; custom_button=&#8220;on&#8220; button_text_size=&#8220;16px&#8220; button_bg_color=&#8220;rgba(255,255,255,0)&#8220; button_border_width=&#8220;0px&#8220; button_border_radius=&#8220;0px&#8220; button_letter_spacing=&#8220;2px&#8220; button_font=&#8220;|700||on|||||&#8220; button_icon=&#8220;&#x24;||divi||400&#8243; button_on_hover=&#8220;off&#8220; text_orientation=&#8220;left&#8220; max_width=&#8220;700px&#8220; module_alignment=&#8220;center&#8220; link_option_url=&#8220;https:\/\/vdd-niederrhein.de\/aktuelles\/&#8220; hover_enabled=&#8220;0&#8243; locked=&#8220;off&#8220; global_colors_info=&#8220;{}&#8220; button_text_size__hover_enabled=&#8220;off&#8220; button_one_text_size__hover_enabled=&#8220;off&#8220; button_two_text_size__hover_enabled=&#8220;off&#8220; button_text_color__hover_enabled=&#8220;off&#8220; button_one_text_color__hover_enabled=&#8220;off&#8220; button_two_text_color__hover_enabled=&#8220;off&#8220; button_border_width__hover_enabled=&#8220;off&#8220; button_one_border_width__hover_enabled=&#8220;off&#8220; button_two_border_width__hover_enabled=&#8220;off&#8220; button_border_color__hover_enabled=&#8220;off&#8220; button_one_border_color__hover_enabled=&#8220;off&#8220; button_two_border_color__hover_enabled=&#8220;off&#8220; button_border_radius__hover_enabled=&#8220;off&#8220; button_one_border_radius__hover_enabled=&#8220;off&#8220; button_two_border_radius__hover_enabled=&#8220;off&#8220; button_letter_spacing__hover_enabled=&#8220;off&#8220; button_one_letter_spacing__hover_enabled=&#8220;off&#8220; button_two_letter_spacing__hover_enabled=&#8220;off&#8220; button_bg_color__hover_enabled=&#8220;off&#8220; button_one_bg_color__hover_enabled=&#8220;off&#8220; button_two_bg_color__hover_enabled=&#8220;off&#8220; sticky_enabled=&#8220;0&#8243;]<\/p>\n<h4><\/h4>\n<h4><\/h4>\n<h4><\/h4>\n<h4>Bleib auf dem neuesten Stand \u2013 aktuelle Infos hier!&#8220;<\/h4>\n<p>[\/et_pb_cta][\/et_pb_column][et_pb_column type=&#8220;1_4&#8243; _builder_version=&#8220;4.27.4&#8243; background_image=&#8220;https:\/\/vdd-niederrhein.de\/wp-content\/uploads\/2025\/03\/1_DSC03389.jpg&#8220; custom_padding=&#8220;|||&#8220; global_colors_info=&#8220;{}&#8220; custom_padding__hover=&#8220;|||&#8220;][et_pb_divider show_divider=&#8220;off&#8220; _builder_version=&#8220;4.16&#8243; height=&#8220;100px&#8220; custom_margin=&#8220;100px||100px||true&#8220; global_colors_info=&#8220;{}&#8220;][\/et_pb_divider][\/et_pb_column][\/et_pb_row][\/et_pb_section][et_pb_section fb_built=&#8220;1&#8243; _builder_version=&#8220;4.27.4&#8243; _module_preset=&#8220;default&#8220; custom_padding=&#8220;||30px|||&#8220; global_colors_info=&#8220;{}&#8220;][et_pb_row _builder_version=&#8220;4.27.4&#8243; _module_preset=&#8220;default&#8220; global_colors_info=&#8220;{}&#8220;][et_pb_column type=&#8220;4_4&#8243; _builder_version=&#8220;4.27.4&#8243; _module_preset=&#8220;default&#8220; global_colors_info=&#8220;{}&#8220;][et_pb_text _builder_version=&#8220;4.27.4&#8243; _module_preset=&#8220;default&#8220; global_colors_info=&#8220;{}&#8220;]<\/p>\n<h1>Verkauf von Zuchtb\u00fccher 1972-2023<\/h1>\n<p>unser Mitglied Heinz Oberrem hat seit 1972 die Zuchtb\u00fccher des DD\u00b4s gesammelt und m\u00f6chte sie nun gerne an interessierte Drahthaar-Liebhaber verkaufen.<\/p>\n<p>Haben Sie Interesse an einer bestimmten Ausgabe, die Ihnen noch fehlt oder gar an allen, melden Sie sich gerne bei Herrn Oberrem.<\/p>\n<p>Kontakt: Heinz Oberem, h.oberrem@t-online.de<\/p>\n<p>[\/et_pb_text][\/et_pb_column][\/et_pb_row][\/et_pb_section][et_pb_section fb_built=&#8220;1&#8243; _builder_version=&#8220;4.27.4&#8243; _module_preset=&#8220;default&#8220; background_image=&#8220;https:\/\/vdd-niederrhein.de\/wp-content\/uploads\/2025\/07\/IMG_6136-scaled.jpg&#8220; min_height=&#8220;433px&#8220; global_colors_info=&#8220;{}&#8220;][\/et_pb_section]<\/p>\n","protected":false},"excerpt":{"rendered":"<p>Robust, intelligent und leistungsstark \u2013 der Deutsch-Drahthaar ist der ideale Begleiter f\u00fcr passionierte J\u00e4ger und Hundef\u00fchrer. Hier mehr entdecken! Bleib auf dem neuesten Stand \u2013 aktuelle Infos hier!&#8220;Verkauf von Zuchtb\u00fccher 1972-2023 unser Mitglied Heinz Oberrem hat seit 1972 die Zuchtb\u00fccher des DD\u00b4s gesammelt und m\u00f6chte sie nun gerne an interessierte Drahthaar-Liebhaber verkaufen. Haben Sie Interesse [&hellip;]<\/p>\n","protected":false},"author":1,"featured_media":776,"parent":0,"menu_order":0,"comment_status":"closed","ping_status":"closed","template":"","meta":{"_et_pb_use_builder":"on","_et_pb_old_content":"","_et_gb_content_width":"","footnotes":""},"class_list":["post-336","page","type-page","status-publish","has-post-thumbnail","hentry"],"_links":{"self":[{"href":"https:\/\/vdd-niederrhein.de\/index.php?rest_route=\/wp\/v2\/pages\/336","targetHints":{"allow":["GET"]}}],"collection":[{"href":"https:\/\/vdd-niederrhein.de\/index.php?rest_route=\/wp\/v2\/pages"}],"about":[{"href":"https:\/\/vdd-niederrhein.de\/index.php?rest_route=\/wp\/v2\/types\/page"}],"author":[{"embeddable":true,"href":"https:\/\/vdd-niederrhein.de\/index.php?rest_route=\/wp\/v2\/users\/1"}],"replies":[{"embeddable":true,"href":"https:\/\/vdd-niederrhein.de\/index.php?rest_route=%2Fwp%2Fv2%2Fcomments&post=336"}],"version-history":[{"count":50,"href":"https:\/\/vdd-niederrhein.de\/index.php?rest_route=\/wp\/v2\/pages\/336\/revisions"}],"predecessor-version":[{"id":1001,"href":"https:\/\/vdd-niederrhein.de\/index.php?rest_route=\/wp\/v2\/pages\/336\/revisions\/1001"}],"wp:featuredmedia":[{"embeddable":true,"href":"https:\/\/vdd-niederrhein.de\/index.php?rest_route=\/wp\/v2\/media\/776"}],"wp:attachment":[{"href":"https:\/\/vdd-niederrhein.de\/index.php?rest_route=%2Fwp%2Fv2%2Fmedia&parent=336"}],"curies":[{"name":"wp","href":"https:\/\/api.w.org\/{rel}","templated":true}]}}